{"id":556,"date":"2020-12-24T05:55:55","date_gmt":"2020-12-24T05:55:55","guid":{"rendered":"https:\/\/themegrilldemos.com\/spacious\/?page_id=2"},"modified":"2022-11-16T10:40:44","modified_gmt":"2022-11-16T10:40:44","slug":"edicion-libros","status":"publish","type":"page","link":"https:\/\/www.pascualmercegallery.com\/index.php\/edicion-libros\/","title":{"rendered":"EDICI\u00d3N LIBROS"},"content":{"rendered":"\t\t<div data-elementor-type=\"wp-page\" data-elementor-id=\"556\" class=\"elementor elementor-556\">\n\t\t\t\t\t\t<section class=\"elementor-section elementor-top-section elementor-element elementor-element-48fc81a5 elementor-section-boxed elementor-section-height-default elementor-section-height-default\" data-id=\"48fc81a5\" data-element_type=\"section\" data-e-type=\"section\">\n\t\t\t\t\t\t<div class=\"elementor-container elementor-column-gap-default\">\n\t\t\t\t\t<div class=\"elementor-column elementor-col-100 elementor-top-column elementor-element elementor-element-50a99891\" data-id=\"50a99891\" data-element_type=\"column\" data-e-type=\"column\">\n\t\t\t<div class=\"elementor-widget-wrap elementor-element-populated\">\n\t\t\t\t\t\t<div class=\"elementor-element elementor-element-fc4f41a elementor-widget elementor-widget-image\" data-id=\"fc4f41a\" data-element_type=\"widget\" data-e-type=\"widget\" data-widget_type=\"image.default\">\n\t\t\t\t<div class=\"elementor-widget-container\">\n\t\t\t\t\t\t\t\t\t\t\t\t\t\t\t<img fetchpriority=\"high\" decoding=\"async\" width=\"1600\" height=\"600\" src=\"https:\/\/www.pascualmercegallery.com\/wp-content\/uploads\/2021\/09\/slider-autoedicion-1.jpg\" class=\"attachment-full size-full wp-image-2016\" alt=\"slider autoedicion\" srcset=\"https:\/\/www.pascualmercegallery.com\/wp-content\/uploads\/2021\/09\/slider-autoedicion-1.jpg 1600w, https:\/\/www.pascualmercegallery.com\/wp-content\/uploads\/2021\/09\/slider-autoedicion-1-500x188.jpg 500w, https:\/\/www.pascualmercegallery.com\/wp-content\/uploads\/2021\/09\/slider-autoedicion-1-300x113.jpg 300w, https:\/\/www.pascualmercegallery.com\/wp-content\/uploads\/2021\/09\/slider-autoedicion-1-1024x384.jpg 1024w, https:\/\/www.pascualmercegallery.com\/wp-content\/uploads\/2021\/09\/slider-autoedicion-1-768x288.jpg 768w, https:\/\/www.pascualmercegallery.com\/wp-content\/uploads\/2021\/09\/slider-autoedicion-1-1536x576.jpg 1536w\" sizes=\"(max-width: 1600px) 100vw, 1600px\" \/>\t\t\t\t\t\t\t\t\t\t\t\t\t\t\t<\/div>\n\t\t\t\t<\/div>\n\t\t\t\t<div class=\"elementor-element elementor-element-519656d elementor-widget elementor-widget-spacer\" data-id=\"519656d\" data-element_type=\"widget\" data-e-type=\"widget\" data-widget_type=\"spacer.default\">\n\t\t\t\t<div class=\"elementor-widget-container\">\n\t\t\t\t\t\t\t<div class=\"elementor-spacer\">\n\t\t\t<div class=\"elementor-spacer-inner\"><\/div>\n\t\t<\/div>\n\t\t\t\t\t\t<\/div>\n\t\t\t\t<\/div>\n\t\t\t\t<div class=\"elementor-element elementor-element-070d826 elementor-widget elementor-widget-text-editor\" data-id=\"070d826\" data-element_type=\"widget\" data-e-type=\"widget\" data-widget_type=\"text-editor.default\">\n\t\t\t\t<div class=\"elementor-widget-container\">\n\t\t\t\t\t\t\t\t\t<p style=\"text-align: center;\"><span style=\"color: #000000;\">En Merc\u00e9 Gallery nos apasionan los libros. Por ello ofrecemos el servicio de autoedici\u00f3n que permite la edici\u00f3n de libros en tiradas muy cortas, pudiendo ir reponiendo el stock poco a poco en funci\u00f3n de las ventas. Los grandes progresos en la tecnolog\u00eda de impresi\u00f3n hacen posible que el libro tenga las mismas caracter\u00edsticas y nivel de calidad que las ediciones de gran tirada.<\/span><br \/><span style=\"color: #000000;\">En las imprentas tradicionales era imposible realizar tiradas de menos de 500 ejemplares debido a los elevados costes de producci\u00f3n. Esto ha cambiado en la actualidad y podemos ofrecer a los autores noveles y a todo aquel que quiera, adentrarse en el mundo de la literatura, un medio hasta hace poco impensable.<\/span><br \/><span style=\"color: #000000;\">En Merc\u00e9 Gallery asesoramos sobre la maquetaci\u00f3n, tipo de letra, papel y tama\u00f1os. Gestionamos los tr\u00e1mites de la edici\u00f3n, revisamos los textos y las im\u00e1genes&#8230; \u00a0todo con un trato totalmente personalizado y siempre con el prop\u00f3sito de aunar precio y calidad.<\/span><br \/><span style=\"color: #000000;\">Finalmente te ayudamos a venderlos on line en nuestra plataforma.<\/span><\/p>\t\t\t\t\t\t\t\t<\/div>\n\t\t\t\t<\/div>\n\t\t\t\t<div class=\"elementor-element elementor-element-2b47912 elementor-widget elementor-widget-spacer\" data-id=\"2b47912\" data-element_type=\"widget\" data-e-type=\"widget\" data-widget_type=\"spacer.default\">\n\t\t\t\t<div class=\"elementor-widget-container\">\n\t\t\t\t\t\t\t<div class=\"elementor-spacer\">\n\t\t\t<div class=\"elementor-spacer-inner\"><\/div>\n\t\t<\/div>\n\t\t\t\t\t\t<\/div>\n\t\t\t\t<\/div>\n\t\t\t\t\t<\/div>\n\t\t<\/div>\n\t\t\t\t\t<\/div>\n\t\t<\/section>\n\t\t\t\t<section class=\"elementor-section elementor-top-section elementor-element elementor-element-3da8628 elementor-section-boxed elementor-section-height-default elementor-section-height-default\" data-id=\"3da8628\" data-element_type=\"section\" data-e-type=\"section\">\n\t\t\t\t\t\t<div class=\"elementor-container elementor-column-gap-default\">\n\t\t\t\t\t<div class=\"elementor-column elementor-col-100 elementor-top-column elementor-element elementor-element-7080ff7\" data-id=\"7080ff7\" data-element_type=\"column\" data-e-type=\"column\">\n\t\t\t<div class=\"elementor-widget-wrap elementor-element-populated\">\n\t\t\t\t\t\t<div class=\"elementor-element elementor-element-ed7ef91 elementor-shape-circle elementor-grid-0 e-grid-align-center elementor-widget elementor-widget-social-icons\" data-id=\"ed7ef91\" data-element_type=\"widget\" data-e-type=\"widget\" data-widget_type=\"social-icons.default\">\n\t\t\t\t<div class=\"elementor-widget-container\">\n\t\t\t\t\t\t\t<div class=\"elementor-social-icons-wrapper elementor-grid\" role=\"list\">\n\t\t\t\t\t\t\t<span class=\"elementor-grid-item\" role=\"listitem\">\n\t\t\t\t\t<a class=\"elementor-icon elementor-social-icon elementor-social-icon-facebook elementor-repeater-item-d10f50a\" href=\"https:\/\/www.facebook.com\/mercegallery\" target=\"_blank\">\n\t\t\t\t\t\t<span class=\"elementor-screen-only\">Facebook<\/span>\n\t\t\t\t\t\t<i aria-hidden=\"true\" class=\"fab fa-facebook\"><\/i>\t\t\t\t\t<\/a>\n\t\t\t\t<\/span>\n\t\t\t\t\t\t\t<span class=\"elementor-grid-item\" role=\"listitem\">\n\t\t\t\t\t<a class=\"elementor-icon elementor-social-icon elementor-social-icon-instagram elementor-repeater-item-520666a\" href=\"https:\/\/www.instagram.com\/mercegallery\/\" target=\"_blank\">\n\t\t\t\t\t\t<span class=\"elementor-screen-only\">Instagram<\/span>\n\t\t\t\t\t\t<i aria-hidden=\"true\" class=\"fab fa-instagram\"><\/i>\t\t\t\t\t<\/a>\n\t\t\t\t<\/span>\n\t\t\t\t\t\t\t<span class=\"elementor-grid-item\" role=\"listitem\">\n\t\t\t\t\t<a class=\"elementor-icon elementor-social-icon elementor-social-icon-whatsapp elementor-repeater-item-b152491\" href=\"https:\/\/api.whatsapp.com\/send?phone=34640177347&#038;app=facebook&#038;entry_point=page_cta&#038;fbclid=IwAR2ur2inHUCLyW9ChEptrhSWPKw_GBLgVu1YcwlXzZbzVAOiWlu8GOn9wAI\" target=\"_blank\">\n\t\t\t\t\t\t<span class=\"elementor-screen-only\">Whatsapp<\/span>\n\t\t\t\t\t\t<i aria-hidden=\"true\" class=\"fab fa-whatsapp\"><\/i>\t\t\t\t\t<\/a>\n\t\t\t\t<\/span>\n\t\t\t\t\t<\/div>\n\t\t\t\t\t\t<\/div>\n\t\t\t\t<\/div>\n\t\t\t\t\t<\/div>\n\t\t<\/div>\n\t\t\t\t\t<\/div>\n\t\t<\/section>\n\t\t\t\t<\/div>\n\t\t","protected":false},"excerpt":{"rendered":"<p>En Merc\u00e9 Gallery nos apasionan los libros. Por ello ofrecemos el servicio de autoedici\u00f3n que permite la edici\u00f3n de libros en tiradas muy cortas, pudiendo ir reponiendo el stock poco a poco en funci\u00f3n de las ventas. Los grandes progresos<\/p>\n","protected":false},"author":1,"featured_media":637,"parent":0,"menu_order":0,"comment_status":"closed","ping_status":"open","template":"","meta":{"_eb_attr":"","footnotes":""},"class_list":["post-556","page","type-page","status-publish","has-post-thumbnail","hentry","","tg-column-two"],"yoast_head":"<!-- This site is optimized with the Yoast SEO plugin v27.1.1 - https:\/\/yoast.com\/product\/yoast-seo-wordpress\/ -->\n<title>EDICI\u00d3N LIBROS - Pascual Merc&egrave; Gallery<\/title>\n<meta name=\"description\" content=\"Autoedici\u00f3n maquetaci\u00f3n dise\u00f1o e impresi\u00f3n de proyectos editoriales, correcci\u00f3n ortotipogr\u00e1fica, epubs, ebooks..Imprenta digital en Castell\u00f3n\" \/>\n<meta name=\"robots\" content=\"index, follow, max-snippet:-1, max-image-preview:large, max-video-preview:-1\" \/>\n<link rel=\"canonical\" href=\"https:\/\/www.pascualmercegallery.com\/index.php\/edicion-libros\/\" \/>\n<meta property=\"og:locale\" content=\"es_ES\" \/>\n<meta property=\"og:type\" content=\"article\" \/>\n<meta property=\"og:title\" content=\"EDICI\u00d3N LIBROS - Pascual Merc&egrave; Gallery\" \/>\n<meta property=\"og:description\" content=\"Autoedici\u00f3n maquetaci\u00f3n dise\u00f1o e impresi\u00f3n de proyectos editoriales, correcci\u00f3n ortotipogr\u00e1fica, epubs, ebooks..Imprenta digital en Castell\u00f3n\" \/>\n<meta property=\"og:url\" content=\"https:\/\/www.pascualmercegallery.com\/index.php\/edicion-libros\/\" \/>\n<meta property=\"og:site_name\" content=\"Pascual Merc&egrave; Gallery\" \/>\n<meta property=\"article:publisher\" content=\"https:\/\/www.facebook.com\/mercegallery\" \/>\n<meta property=\"article:modified_time\" content=\"2022-11-16T10:40:44+00:00\" \/>\n<meta property=\"og:image\" content=\"https:\/\/www.pascualmercegallery.com\/wp-content\/uploads\/2021\/07\/edicion-e1631011271944.png\" \/>\n\t<meta property=\"og:image:width\" content=\"100\" \/>\n\t<meta property=\"og:image:height\" content=\"100\" \/>\n\t<meta property=\"og:image:type\" content=\"image\/png\" \/>\n<meta name=\"twitter:card\" content=\"summary_large_image\" \/>\n<meta name=\"twitter:label1\" content=\"Tiempo de lectura\" \/>\n\t<meta name=\"twitter:data1\" content=\"1 minuto\" \/>\n<script type=\"application\/ld+json\" class=\"yoast-schema-graph\">{\"@context\":\"https:\/\/schema.org\",\"@graph\":[{\"@type\":\"WebPage\",\"@id\":\"https:\/\/www.pascualmercegallery.com\/index.php\/edicion-libros\/\",\"url\":\"https:\/\/www.pascualmercegallery.com\/index.php\/edicion-libros\/\",\"name\":\"EDICI\u00d3N LIBROS - Pascual Merc&egrave; Gallery\",\"isPartOf\":{\"@id\":\"https:\/\/www.pascualmercegallery.com\/#website\"},\"primaryImageOfPage\":{\"@id\":\"https:\/\/www.pascualmercegallery.com\/index.php\/edicion-libros\/#primaryimage\"},\"image\":{\"@id\":\"https:\/\/www.pascualmercegallery.com\/index.php\/edicion-libros\/#primaryimage\"},\"thumbnailUrl\":\"https:\/\/www.pascualmercegallery.com\/wp-content\/uploads\/2021\/07\/edicion-e1631011271944.png\",\"datePublished\":\"2020-12-24T05:55:55+00:00\",\"dateModified\":\"2022-11-16T10:40:44+00:00\",\"description\":\"Autoedici\u00f3n maquetaci\u00f3n dise\u00f1o e impresi\u00f3n de proyectos editoriales, correcci\u00f3n ortotipogr\u00e1fica, epubs, ebooks..Imprenta digital en Castell\u00f3n\",\"breadcrumb\":{\"@id\":\"https:\/\/www.pascualmercegallery.com\/index.php\/edicion-libros\/#breadcrumb\"},\"inLanguage\":\"es\",\"potentialAction\":[{\"@type\":\"ReadAction\",\"target\":[\"https:\/\/www.pascualmercegallery.com\/index.php\/edicion-libros\/\"]}]},{\"@type\":\"ImageObject\",\"inLanguage\":\"es\",\"@id\":\"https:\/\/www.pascualmercegallery.com\/index.php\/edicion-libros\/#primaryimage\",\"url\":\"https:\/\/www.pascualmercegallery.com\/wp-content\/uploads\/2021\/07\/edicion-e1631011271944.png\",\"contentUrl\":\"https:\/\/www.pascualmercegallery.com\/wp-content\/uploads\/2021\/07\/edicion-e1631011271944.png\",\"width\":100,\"height\":100,\"caption\":\"logo hoja y bol\u00edgrafo\"},{\"@type\":\"BreadcrumbList\",\"@id\":\"https:\/\/www.pascualmercegallery.com\/index.php\/edicion-libros\/#breadcrumb\",\"itemListElement\":[{\"@type\":\"ListItem\",\"position\":1,\"name\":\"Portada\",\"item\":\"https:\/\/www.pascualmercegallery.com\/\"},{\"@type\":\"ListItem\",\"position\":2,\"name\":\"EDICI\u00d3N LIBROS\"}]},{\"@type\":\"WebSite\",\"@id\":\"https:\/\/www.pascualmercegallery.com\/#website\",\"url\":\"https:\/\/www.pascualmercegallery.com\/\",\"name\":\"Merc\u00e8 Gallery\",\"description\":\"Servicios de impresi&oacute;n\",\"publisher\":{\"@id\":\"https:\/\/www.pascualmercegallery.com\/#organization\"},\"potentialAction\":[{\"@type\":\"SearchAction\",\"target\":{\"@type\":\"EntryPoint\",\"urlTemplate\":\"https:\/\/www.pascualmercegallery.com\/?s={search_term_string}\"},\"query-input\":{\"@type\":\"PropertyValueSpecification\",\"valueRequired\":true,\"valueName\":\"search_term_string\"}}],\"inLanguage\":\"es\"},{\"@type\":\"Organization\",\"@id\":\"https:\/\/www.pascualmercegallery.com\/#organization\",\"name\":\"Merc\u00e8 Gallery\",\"url\":\"https:\/\/www.pascualmercegallery.com\/\",\"logo\":{\"@type\":\"ImageObject\",\"inLanguage\":\"es\",\"@id\":\"https:\/\/www.pascualmercegallery.com\/#\/schema\/logo\/image\/\",\"url\":\"https:\/\/www.pascualmercegallery.com\/wp-content\/uploads\/2022\/11\/Logo-merce-gallery-1.png\",\"contentUrl\":\"https:\/\/www.pascualmercegallery.com\/wp-content\/uploads\/2022\/11\/Logo-merce-gallery-1.png\",\"width\":909,\"height\":643,\"caption\":\"Merc\u00e8 Gallery\"},\"image\":{\"@id\":\"https:\/\/www.pascualmercegallery.com\/#\/schema\/logo\/image\/\"},\"sameAs\":[\"https:\/\/www.facebook.com\/mercegallery\",\"https:\/\/www.instagram.com\/mercegallery\/\"]}]}<\/script>\n<!-- \/ Yoast SEO plugin. -->","yoast_head_json":{"title":"EDICI\u00d3N LIBROS - Pascual Merc&egrave; Gallery","description":"Autoedici\u00f3n maquetaci\u00f3n dise\u00f1o e impresi\u00f3n de proyectos editoriales, correcci\u00f3n ortotipogr\u00e1fica, epubs, ebooks..Imprenta digital en Castell\u00f3n","robots":{"index":"index","follow":"follow","max-snippet":"max-snippet:-1","max-image-preview":"max-image-preview:large","max-video-preview":"max-video-preview:-1"},"canonical":"https:\/\/www.pascualmercegallery.com\/index.php\/edicion-libros\/","og_locale":"es_ES","og_type":"article","og_title":"EDICI\u00d3N LIBROS - Pascual Merc&egrave; Gallery","og_description":"Autoedici\u00f3n maquetaci\u00f3n dise\u00f1o e impresi\u00f3n de proyectos editoriales, correcci\u00f3n ortotipogr\u00e1fica, epubs, ebooks..Imprenta digital en Castell\u00f3n","og_url":"https:\/\/www.pascualmercegallery.com\/index.php\/edicion-libros\/","og_site_name":"Pascual Merc&egrave; Gallery","article_publisher":"https:\/\/www.facebook.com\/mercegallery","article_modified_time":"2022-11-16T10:40:44+00:00","og_image":[{"width":100,"height":100,"url":"https:\/\/www.pascualmercegallery.com\/wp-content\/uploads\/2021\/07\/edicion-e1631011271944.png","type":"image\/png"}],"twitter_card":"summary_large_image","twitter_misc":{"Tiempo de lectura":"1 minuto"},"schema":{"@context":"https:\/\/schema.org","@graph":[{"@type":"WebPage","@id":"https:\/\/www.pascualmercegallery.com\/index.php\/edicion-libros\/","url":"https:\/\/www.pascualmercegallery.com\/index.php\/edicion-libros\/","name":"EDICI\u00d3N LIBROS - Pascual Merc&egrave; Gallery","isPartOf":{"@id":"https:\/\/www.pascualmercegallery.com\/#website"},"primaryImageOfPage":{"@id":"https:\/\/www.pascualmercegallery.com\/index.php\/edicion-libros\/#primaryimage"},"image":{"@id":"https:\/\/www.pascualmercegallery.com\/index.php\/edicion-libros\/#primaryimage"},"thumbnailUrl":"https:\/\/www.pascualmercegallery.com\/wp-content\/uploads\/2021\/07\/edicion-e1631011271944.png","datePublished":"2020-12-24T05:55:55+00:00","dateModified":"2022-11-16T10:40:44+00:00","description":"Autoedici\u00f3n maquetaci\u00f3n dise\u00f1o e impresi\u00f3n de proyectos editoriales, correcci\u00f3n ortotipogr\u00e1fica, epubs, ebooks..Imprenta digital en Castell\u00f3n","breadcrumb":{"@id":"https:\/\/www.pascualmercegallery.com\/index.php\/edicion-libros\/#breadcrumb"},"inLanguage":"es","potentialAction":[{"@type":"ReadAction","target":["https:\/\/www.pascualmercegallery.com\/index.php\/edicion-libros\/"]}]},{"@type":"ImageObject","inLanguage":"es","@id":"https:\/\/www.pascualmercegallery.com\/index.php\/edicion-libros\/#primaryimage","url":"https:\/\/www.pascualmercegallery.com\/wp-content\/uploads\/2021\/07\/edicion-e1631011271944.png","contentUrl":"https:\/\/www.pascualmercegallery.com\/wp-content\/uploads\/2021\/07\/edicion-e1631011271944.png","width":100,"height":100,"caption":"logo hoja y bol\u00edgrafo"},{"@type":"BreadcrumbList","@id":"https:\/\/www.pascualmercegallery.com\/index.php\/edicion-libros\/#breadcrumb","itemListElement":[{"@type":"ListItem","position":1,"name":"Portada","item":"https:\/\/www.pascualmercegallery.com\/"},{"@type":"ListItem","position":2,"name":"EDICI\u00d3N LIBROS"}]},{"@type":"WebSite","@id":"https:\/\/www.pascualmercegallery.com\/#website","url":"https:\/\/www.pascualmercegallery.com\/","name":"Merc\u00e8 Gallery","description":"Servicios de impresi&oacute;n","publisher":{"@id":"https:\/\/www.pascualmercegallery.com\/#organization"},"potentialAction":[{"@type":"SearchAction","target":{"@type":"EntryPoint","urlTemplate":"https:\/\/www.pascualmercegallery.com\/?s={search_term_string}"},"query-input":{"@type":"PropertyValueSpecification","valueRequired":true,"valueName":"search_term_string"}}],"inLanguage":"es"},{"@type":"Organization","@id":"https:\/\/www.pascualmercegallery.com\/#organization","name":"Merc\u00e8 Gallery","url":"https:\/\/www.pascualmercegallery.com\/","logo":{"@type":"ImageObject","inLanguage":"es","@id":"https:\/\/www.pascualmercegallery.com\/#\/schema\/logo\/image\/","url":"https:\/\/www.pascualmercegallery.com\/wp-content\/uploads\/2022\/11\/Logo-merce-gallery-1.png","contentUrl":"https:\/\/www.pascualmercegallery.com\/wp-content\/uploads\/2022\/11\/Logo-merce-gallery-1.png","width":909,"height":643,"caption":"Merc\u00e8 Gallery"},"image":{"@id":"https:\/\/www.pascualmercegallery.com\/#\/schema\/logo\/image\/"},"sameAs":["https:\/\/www.facebook.com\/mercegallery","https:\/\/www.instagram.com\/mercegallery\/"]}]}},"_links":{"self":[{"href":"https:\/\/www.pascualmercegallery.com\/index.php\/wp-json\/wp\/v2\/pages\/556","targetHints":{"allow":["GET"]}}],"collection":[{"href":"https:\/\/www.pascualmercegallery.com\/index.php\/wp-json\/wp\/v2\/pages"}],"about":[{"href":"https:\/\/www.pascualmercegallery.com\/index.php\/wp-json\/wp\/v2\/types\/page"}],"author":[{"embeddable":true,"href":"https:\/\/www.pascualmercegallery.com\/index.php\/wp-json\/wp\/v2\/users\/1"}],"replies":[{"embeddable":true,"href":"https:\/\/www.pascualmercegallery.com\/index.php\/wp-json\/wp\/v2\/comments?post=556"}],"version-history":[{"count":53,"href":"https:\/\/www.pascualmercegallery.com\/index.php\/wp-json\/wp\/v2\/pages\/556\/revisions"}],"predecessor-version":[{"id":2622,"href":"https:\/\/www.pascualmercegallery.com\/index.php\/wp-json\/wp\/v2\/pages\/556\/revisions\/2622"}],"wp:featuredmedia":[{"embeddable":true,"href":"https:\/\/www.pascualmercegallery.com\/index.php\/wp-json\/wp\/v2\/media\/637"}],"wp:attachment":[{"href":"https:\/\/www.pascualmercegallery.com\/index.php\/wp-json\/wp\/v2\/media?parent=556"}],"curies":[{"name":"wp","href":"https:\/\/api.w.org\/{rel}","templated":true}]}}