{"id":432,"date":"2014-03-17T10:58:39","date_gmt":"2014-03-17T10:58:39","guid":{"rendered":"http:\/\/demo.themegrill.com\/spacious\/?page_id=7"},"modified":"2021-09-21T08:46:40","modified_gmt":"2021-09-21T08:46:40","slug":"edita-disena-e-imprime","status":"publish","type":"page","link":"https:\/\/www.pascualmercegallery.com\/","title":{"rendered":"INICIO"},"content":{"rendered":"\n\n\n<div class=\"wp-block-buttons is-layout-flex wp-block-buttons-is-layout-flex\">\n\n<div class=\"wp-block-button has-custom-font-size is-style-fill has-large-font-size\"><a class=\"wp-block-button__link has-background\" style=\"background-color:#1f9b9b\" rel=\"https:\/\/www.pascualmercegallery.com\/index.php\/productos\/\">PRODUCTOS<\/a><\/div>\n\n<\/div>\n\n\n","protected":false},"excerpt":{"rendered":"","protected":false},"author":1,"featured_media":0,"parent":0,"menu_order":0,"comment_status":"open","ping_status":"open","template":"page-templates\/business.php","meta":{"_eb_attr":"","footnotes":""},"class_list":["post-432","page","type-page","status-publish","hentry","","tg-column-two"],"yoast_head":"<!-- This site is optimized with the Yoast SEO plugin v27.1.1 - https:\/\/yoast.com\/product\/yoast-seo-wordpress\/ -->\n<title>INICIO - Pascual Merc&egrave; Gallery Imprenta en Castell\u00f3n<\/title>\n<meta name=\"description\" content=\"Edita, dise\u00f1a e imprime. En Merc\u00e8 Gallery imprimimos libros, encuadernamos, impresiones en gran formato.. Imprenta digital en Castell\u00f3n\" \/>\n<meta name=\"robots\" content=\"index, follow, max-snippet:-1, max-image-preview:large, max-video-preview:-1\" \/>\n<link rel=\"canonical\" href=\"https:\/\/www.pascualmercegallery.com\/\" \/>\n<meta property=\"og:locale\" content=\"es_ES\" \/>\n<meta property=\"og:type\" content=\"article\" \/>\n<meta property=\"og:title\" content=\"INICIO - Pascual Merc&egrave; Gallery Imprenta en Castell\u00f3n\" \/>\n<meta property=\"og:description\" content=\"Edita, dise\u00f1a e imprime. En Merc\u00e8 Gallery imprimimos libros, encuadernamos, impresiones en gran formato.. Imprenta digital en Castell\u00f3n\" \/>\n<meta property=\"og:url\" content=\"https:\/\/www.pascualmercegallery.com\/\" \/>\n<meta property=\"og:site_name\" content=\"Pascual Merc&egrave; Gallery\" \/>\n<meta property=\"article:publisher\" content=\"https:\/\/www.facebook.com\/mercegallery\" \/>\n<meta property=\"article:modified_time\" content=\"2021-09-21T08:46:40+00:00\" \/>\n<meta name=\"twitter:card\" content=\"summary_large_image\" \/>\n<meta name=\"twitter:label1\" content=\"Tiempo de lectura\" \/>\n\t<meta name=\"twitter:data1\" content=\"1 minuto\" \/>\n<script type=\"application\/ld+json\" class=\"yoast-schema-graph\">{\"@context\":\"https:\/\/schema.org\",\"@graph\":[{\"@type\":\"WebPage\",\"@id\":\"https:\/\/www.pascualmercegallery.com\/\",\"url\":\"https:\/\/www.pascualmercegallery.com\/\",\"name\":\"INICIO - Pascual Merc&egrave; Gallery Imprenta en Castell\u00f3n\",\"isPartOf\":{\"@id\":\"https:\/\/www.pascualmercegallery.com\/#website\"},\"datePublished\":\"2014-03-17T10:58:39+00:00\",\"dateModified\":\"2021-09-21T08:46:40+00:00\",\"description\":\"Edita, dise\u00f1a e imprime. En Merc\u00e8 Gallery imprimimos libros, encuadernamos, impresiones en gran formato.. Imprenta digital en Castell\u00f3n\",\"breadcrumb\":{\"@id\":\"https:\/\/www.pascualmercegallery.com\/#breadcrumb\"},\"inLanguage\":\"es\",\"potentialAction\":[{\"@type\":\"ReadAction\",\"target\":[\"https:\/\/www.pascualmercegallery.com\/\"]}]},{\"@type\":\"BreadcrumbList\",\"@id\":\"https:\/\/www.pascualmercegallery.com\/#breadcrumb\",\"itemListElement\":[{\"@type\":\"ListItem\",\"position\":1,\"name\":\"Portada\",\"item\":\"https:\/\/www.pascualmercegallery.com\/\"},{\"@type\":\"ListItem\",\"position\":2,\"name\":\"INICIO\"}]},{\"@type\":\"WebSite\",\"@id\":\"https:\/\/www.pascualmercegallery.com\/#website\",\"url\":\"https:\/\/www.pascualmercegallery.com\/\",\"name\":\"Merc\u00e8 Gallery\",\"description\":\"Servicios de impresi&oacute;n\",\"publisher\":{\"@id\":\"https:\/\/www.pascualmercegallery.com\/#organization\"},\"potentialAction\":[{\"@type\":\"SearchAction\",\"target\":{\"@type\":\"EntryPoint\",\"urlTemplate\":\"https:\/\/www.pascualmercegallery.com\/?s={search_term_string}\"},\"query-input\":{\"@type\":\"PropertyValueSpecification\",\"valueRequired\":true,\"valueName\":\"search_term_string\"}}],\"inLanguage\":\"es\"},{\"@type\":\"Organization\",\"@id\":\"https:\/\/www.pascualmercegallery.com\/#organization\",\"name\":\"Merc\u00e8 Gallery\",\"url\":\"https:\/\/www.pascualmercegallery.com\/\",\"logo\":{\"@type\":\"ImageObject\",\"inLanguage\":\"es\",\"@id\":\"https:\/\/www.pascualmercegallery.com\/#\/schema\/logo\/image\/\",\"url\":\"https:\/\/www.pascualmercegallery.com\/wp-content\/uploads\/2022\/11\/Logo-merce-gallery-1.png\",\"contentUrl\":\"https:\/\/www.pascualmercegallery.com\/wp-content\/uploads\/2022\/11\/Logo-merce-gallery-1.png\",\"width\":909,\"height\":643,\"caption\":\"Merc\u00e8 Gallery\"},\"image\":{\"@id\":\"https:\/\/www.pascualmercegallery.com\/#\/schema\/logo\/image\/\"},\"sameAs\":[\"https:\/\/www.facebook.com\/mercegallery\",\"https:\/\/www.instagram.com\/mercegallery\/\"]}]}<\/script>\n<!-- \/ Yoast SEO plugin. -->","yoast_head_json":{"title":"INICIO - Pascual Merc&egrave; Gallery Imprenta en Castell\u00f3n","description":"Edita, dise\u00f1a e imprime. En Merc\u00e8 Gallery imprimimos libros, encuadernamos, impresiones en gran formato.. Imprenta digital en Castell\u00f3n","robots":{"index":"index","follow":"follow","max-snippet":"max-snippet:-1","max-image-preview":"max-image-preview:large","max-video-preview":"max-video-preview:-1"},"canonical":"https:\/\/www.pascualmercegallery.com\/","og_locale":"es_ES","og_type":"article","og_title":"INICIO - Pascual Merc&egrave; Gallery Imprenta en Castell\u00f3n","og_description":"Edita, dise\u00f1a e imprime. En Merc\u00e8 Gallery imprimimos libros, encuadernamos, impresiones en gran formato.. Imprenta digital en Castell\u00f3n","og_url":"https:\/\/www.pascualmercegallery.com\/","og_site_name":"Pascual Merc&egrave; Gallery","article_publisher":"https:\/\/www.facebook.com\/mercegallery","article_modified_time":"2021-09-21T08:46:40+00:00","twitter_card":"summary_large_image","twitter_misc":{"Tiempo de lectura":"1 minuto"},"schema":{"@context":"https:\/\/schema.org","@graph":[{"@type":"WebPage","@id":"https:\/\/www.pascualmercegallery.com\/","url":"https:\/\/www.pascualmercegallery.com\/","name":"INICIO - Pascual Merc&egrave; Gallery Imprenta en Castell\u00f3n","isPartOf":{"@id":"https:\/\/www.pascualmercegallery.com\/#website"},"datePublished":"2014-03-17T10:58:39+00:00","dateModified":"2021-09-21T08:46:40+00:00","description":"Edita, dise\u00f1a e imprime. En Merc\u00e8 Gallery imprimimos libros, encuadernamos, impresiones en gran formato.. Imprenta digital en Castell\u00f3n","breadcrumb":{"@id":"https:\/\/www.pascualmercegallery.com\/#breadcrumb"},"inLanguage":"es","potentialAction":[{"@type":"ReadAction","target":["https:\/\/www.pascualmercegallery.com\/"]}]},{"@type":"BreadcrumbList","@id":"https:\/\/www.pascualmercegallery.com\/#breadcrumb","itemListElement":[{"@type":"ListItem","position":1,"name":"Portada","item":"https:\/\/www.pascualmercegallery.com\/"},{"@type":"ListItem","position":2,"name":"INICIO"}]},{"@type":"WebSite","@id":"https:\/\/www.pascualmercegallery.com\/#website","url":"https:\/\/www.pascualmercegallery.com\/","name":"Merc\u00e8 Gallery","description":"Servicios de impresi&oacute;n","publisher":{"@id":"https:\/\/www.pascualmercegallery.com\/#organization"},"potentialAction":[{"@type":"SearchAction","target":{"@type":"EntryPoint","urlTemplate":"https:\/\/www.pascualmercegallery.com\/?s={search_term_string}"},"query-input":{"@type":"PropertyValueSpecification","valueRequired":true,"valueName":"search_term_string"}}],"inLanguage":"es"},{"@type":"Organization","@id":"https:\/\/www.pascualmercegallery.com\/#organization","name":"Merc\u00e8 Gallery","url":"https:\/\/www.pascualmercegallery.com\/","logo":{"@type":"ImageObject","inLanguage":"es","@id":"https:\/\/www.pascualmercegallery.com\/#\/schema\/logo\/image\/","url":"https:\/\/www.pascualmercegallery.com\/wp-content\/uploads\/2022\/11\/Logo-merce-gallery-1.png","contentUrl":"https:\/\/www.pascualmercegallery.com\/wp-content\/uploads\/2022\/11\/Logo-merce-gallery-1.png","width":909,"height":643,"caption":"Merc\u00e8 Gallery"},"image":{"@id":"https:\/\/www.pascualmercegallery.com\/#\/schema\/logo\/image\/"},"sameAs":["https:\/\/www.facebook.com\/mercegallery","https:\/\/www.instagram.com\/mercegallery\/"]}]}},"_links":{"self":[{"href":"https:\/\/www.pascualmercegallery.com\/index.php\/wp-json\/wp\/v2\/pages\/432","targetHints":{"allow":["GET"]}}],"collection":[{"href":"https:\/\/www.pascualmercegallery.com\/index.php\/wp-json\/wp\/v2\/pages"}],"about":[{"href":"https:\/\/www.pascualmercegallery.com\/index.php\/wp-json\/wp\/v2\/types\/page"}],"author":[{"embeddable":true,"href":"https:\/\/www.pascualmercegallery.com\/index.php\/wp-json\/wp\/v2\/users\/1"}],"replies":[{"embeddable":true,"href":"https:\/\/www.pascualmercegallery.com\/index.php\/wp-json\/wp\/v2\/comments?post=432"}],"version-history":[{"count":5,"href":"https:\/\/www.pascualmercegallery.com\/index.php\/wp-json\/wp\/v2\/pages\/432\/revisions"}],"predecessor-version":[{"id":2706,"href":"https:\/\/www.pascualmercegallery.com\/index.php\/wp-json\/wp\/v2\/pages\/432\/revisions\/2706"}],"wp:attachment":[{"href":"https:\/\/www.pascualmercegallery.com\/index.php\/wp-json\/wp\/v2\/media?parent=432"}],"curies":[{"name":"wp","href":"https:\/\/api.w.org\/{rel}","templated":true}]}}