{"id":1348,"date":"2021-08-10T13:04:07","date_gmt":"2021-08-10T13:04:07","guid":{"rendered":"https:\/\/www.pascualmercegallery.com\/?page_id=1348"},"modified":"2021-10-06T09:45:15","modified_gmt":"2021-10-06T09:45:15","slug":"libros-segun-encuadernacion","status":"publish","type":"page","link":"https:\/\/www.pascualmercegallery.com\/index.php\/libros-segun-encuadernacion\/","title":{"rendered":"LIBROS SEG\u00daN ENCUADERNACI\u00d3N"},"content":{"rendered":"\t\t<div data-elementor-type=\"wp-page\" data-elementor-id=\"1348\" class=\"elementor elementor-1348\">\n\t\t\t\t\t\t<section class=\"elementor-section elementor-top-section elementor-element elementor-element-50f7847 elementor-section-boxed elementor-section-height-default elementor-section-height-default\" data-id=\"50f7847\" data-element_type=\"section\" data-e-type=\"section\">\n\t\t\t\t\t\t<div class=\"elementor-container elementor-column-gap-default\">\n\t\t\t\t\t<div class=\"elementor-column elementor-col-100 elementor-top-column elementor-element elementor-element-6ebdc2c\" data-id=\"6ebdc2c\" data-element_type=\"column\" data-e-type=\"column\">\n\t\t\t<div class=\"elementor-widget-wrap elementor-element-populated\">\n\t\t\t\t\t\t<div class=\"elementor-element elementor-element-9e850f0 elementor-widget elementor-widget-image\" data-id=\"9e850f0\" data-element_type=\"widget\" data-e-type=\"widget\" data-widget_type=\"image.default\">\n\t\t\t\t<div class=\"elementor-widget-container\">\n\t\t\t\t\t\t\t\t\t\t\t\t\t\t\t<img fetchpriority=\"high\" decoding=\"async\" width=\"1600\" height=\"200\" src=\"https:\/\/www.pascualmercegallery.com\/wp-content\/uploads\/2021\/09\/impresion-offset2.jpg\" class=\"attachment-full size-full wp-image-1769\" alt=\"titulo impresi\u00f3n offset\" srcset=\"https:\/\/www.pascualmercegallery.com\/wp-content\/uploads\/2021\/09\/impresion-offset2.jpg 1600w, https:\/\/www.pascualmercegallery.com\/wp-content\/uploads\/2021\/09\/impresion-offset2-500x63.jpg 500w, https:\/\/www.pascualmercegallery.com\/wp-content\/uploads\/2021\/09\/impresion-offset2-300x38.jpg 300w, https:\/\/www.pascualmercegallery.com\/wp-content\/uploads\/2021\/09\/impresion-offset2-1024x128.jpg 1024w, https:\/\/www.pascualmercegallery.com\/wp-content\/uploads\/2021\/09\/impresion-offset2-768x96.jpg 768w, https:\/\/www.pascualmercegallery.com\/wp-content\/uploads\/2021\/09\/impresion-offset2-1536x192.jpg 1536w\" sizes=\"(max-width: 1600px) 100vw, 1600px\" \/>\t\t\t\t\t\t\t\t\t\t\t\t\t\t\t<\/div>\n\t\t\t\t<\/div>\n\t\t\t\t<div class=\"elementor-element elementor-element-b17b8e9 elementor-widget elementor-widget-text-editor\" data-id=\"b17b8e9\" data-element_type=\"widget\" data-e-type=\"widget\" data-widget_type=\"text-editor.default\">\n\t\t\t\t<div class=\"elementor-widget-container\">\n\t\t\t\t\t\t\t\t\t<p style=\"text-align: center;\">Profesionales y aficionados con o sin conocimientos de dise\u00f1o: literatura, historia del arte, albums de viajes, libros de cocina, historia en general, gu\u00edas, trabajos de fin de curso, proyectos, revistas, calendarios<\/p>\t\t\t\t\t\t\t\t<\/div>\n\t\t\t\t<\/div>\n\t\t\t\t\t<\/div>\n\t\t<\/div>\n\t\t\t\t\t<\/div>\n\t\t<\/section>\n\t\t\t\t<section class=\"elementor-section elementor-top-section elementor-element elementor-element-b5ac043 elementor-section-boxed elementor-section-height-default elementor-section-height-default\" data-id=\"b5ac043\" data-element_type=\"section\" data-e-type=\"section\">\n\t\t\t\t\t\t<div class=\"elementor-container elementor-column-gap-default\">\n\t\t\t\t\t<div class=\"elementor-column elementor-col-100 elementor-top-column elementor-element elementor-element-2dc56d4\" data-id=\"2dc56d4\" data-element_type=\"column\" data-e-type=\"column\">\n\t\t\t<div class=\"elementor-widget-wrap elementor-element-populated\">\n\t\t\t\t\t\t<div class=\"elementor-element elementor-element-52490cf elementor-widget elementor-widget-image\" data-id=\"52490cf\" data-element_type=\"widget\" data-e-type=\"widget\" data-widget_type=\"image.default\">\n\t\t\t\t<div class=\"elementor-widget-container\">\n\t\t\t\t\t\t\t\t\t\t\t\t\t\t\t<img decoding=\"async\" width=\"1600\" height=\"200\" src=\"https:\/\/www.pascualmercegallery.com\/wp-content\/uploads\/2021\/09\/titulo-rojo-1.jpg\" class=\"attachment-full size-full wp-image-1923\" alt=\"titulo rojo\" srcset=\"https:\/\/www.pascualmercegallery.com\/wp-content\/uploads\/2021\/09\/titulo-rojo-1.jpg 1600w, https:\/\/www.pascualmercegallery.com\/wp-content\/uploads\/2021\/09\/titulo-rojo-1-500x63.jpg 500w, https:\/\/www.pascualmercegallery.com\/wp-content\/uploads\/2021\/09\/titulo-rojo-1-300x38.jpg 300w, https:\/\/www.pascualmercegallery.com\/wp-content\/uploads\/2021\/09\/titulo-rojo-1-1024x128.jpg 1024w, https:\/\/www.pascualmercegallery.com\/wp-content\/uploads\/2021\/09\/titulo-rojo-1-768x96.jpg 768w, https:\/\/www.pascualmercegallery.com\/wp-content\/uploads\/2021\/09\/titulo-rojo-1-1536x192.jpg 1536w\" sizes=\"(max-width: 1600px) 100vw, 1600px\" \/>\t\t\t\t\t\t\t\t\t\t\t\t\t\t\t<\/div>\n\t\t\t\t<\/div>\n\t\t\t\t<div class=\"elementor-element elementor-element-2836df6 elementor-tabs-alignment-stretch elementor-tabs-view-horizontal elementor-widget elementor-widget-tabs\" data-id=\"2836df6\" data-element_type=\"widget\" data-e-type=\"widget\" data-widget_type=\"tabs.default\">\n\t\t\t\t<div class=\"elementor-widget-container\">\n\t\t\t\t\t\t\t<div class=\"elementor-tabs\">\n\t\t\t<div class=\"elementor-tabs-wrapper\" role=\"tablist\" >\n\t\t\t\t\t\t\t\t\t<div id=\"elementor-tab-title-4211\" class=\"elementor-tab-title elementor-tab-desktop-title\" aria-selected=\"true\" data-tab=\"1\" role=\"tab\" tabindex=\"0\" aria-controls=\"elementor-tab-content-4211\" aria-expanded=\"false\">TAPA DURA COSIDO ARTESANAL<\/div>\n\t\t\t\t\t\t\t\t\t<div id=\"elementor-tab-title-4212\" class=\"elementor-tab-title elementor-tab-desktop-title\" aria-selected=\"false\" data-tab=\"2\" role=\"tab\" tabindex=\"-1\" aria-controls=\"elementor-tab-content-4212\" aria-expanded=\"false\">TAPA BLANDA ENCOLADA<\/div>\n\t\t\t\t\t\t\t\t\t<div id=\"elementor-tab-title-4213\" class=\"elementor-tab-title elementor-tab-desktop-title\" aria-selected=\"false\" data-tab=\"3\" role=\"tab\" tabindex=\"-1\" aria-controls=\"elementor-tab-content-4213\" aria-expanded=\"false\">WIRE-O<\/div>\n\t\t\t\t\t\t\t\t\t<div id=\"elementor-tab-title-4214\" class=\"elementor-tab-title elementor-tab-desktop-title\" aria-selected=\"false\" data-tab=\"4\" role=\"tab\" tabindex=\"-1\" aria-controls=\"elementor-tab-content-4214\" aria-expanded=\"false\">LIBRO GRAPADO<\/div>\n\t\t\t\t\t\t\t<\/div>\n\t\t\t<div class=\"elementor-tabs-content-wrapper\" role=\"tablist\" aria-orientation=\"vertical\">\n\t\t\t\t\t\t\t\t\t<div class=\"elementor-tab-title elementor-tab-mobile-title\" aria-selected=\"true\" data-tab=\"1\" role=\"tab\" tabindex=\"0\" aria-controls=\"elementor-tab-content-4211\" aria-expanded=\"false\">TAPA DURA COSIDO ARTESANAL<\/div>\n\t\t\t\t\t<div id=\"elementor-tab-content-4211\" class=\"elementor-tab-content elementor-clearfix\" data-tab=\"1\" role=\"tabpanel\" aria-labelledby=\"elementor-tab-title-4211\" tabindex=\"0\" hidden=\"false\"><p style=\"text-align: center;\"><img decoding=\"async\" class=\"size-medium wp-image-1843 aligncenter\" src=\"https:\/\/www.pascualmercegallery.com\/wp-content\/uploads\/2021\/09\/libro-Anahuerta-300x225.jpg\" alt=\"\" width=\"300\" height=\"225\" srcset=\"https:\/\/www.pascualmercegallery.com\/wp-content\/uploads\/2021\/09\/libro-Anahuerta-300x225.jpg 300w, https:\/\/www.pascualmercegallery.com\/wp-content\/uploads\/2021\/09\/libro-Anahuerta.jpg 400w\" sizes=\"(max-width: 300px) 100vw, 300px\" \/><span style=\"color: #1f9b9b;\">\u2192 NUESTRA RECOMENDACI\u00d3N<\/span><\/p><p style=\"text-align: center;\">Con cubierta impresa o forrada en tela con sobrecubierta. Libros de fotos, arte, viajes&#8230;<\/p><\/div>\n\t\t\t\t\t\t\t\t\t<div class=\"elementor-tab-title elementor-tab-mobile-title\" aria-selected=\"false\" data-tab=\"2\" role=\"tab\" tabindex=\"-1\" aria-controls=\"elementor-tab-content-4212\" aria-expanded=\"false\">TAPA BLANDA ENCOLADA<\/div>\n\t\t\t\t\t<div id=\"elementor-tab-content-4212\" class=\"elementor-tab-content elementor-clearfix\" data-tab=\"2\" role=\"tabpanel\" aria-labelledby=\"elementor-tab-title-4212\" tabindex=\"0\" hidden=\"hidden\"><p style=\"text-align: center;\"><img loading=\"lazy\" decoding=\"async\" class=\"size-medium wp-image-1844 aligncenter\" src=\"https:\/\/www.pascualmercegallery.com\/wp-content\/uploads\/2021\/09\/libro-con-texto-300x225.jpg\" alt=\"libro con texto\" width=\"300\" height=\"225\" srcset=\"https:\/\/www.pascualmercegallery.com\/wp-content\/uploads\/2021\/09\/libro-con-texto-300x225.jpg 300w, https:\/\/www.pascualmercegallery.com\/wp-content\/uploads\/2021\/09\/libro-con-texto.jpg 400w\" sizes=\"(max-width: 300px) 100vw, 300px\" \/><\/p><p style=\"text-align: center;\"><span style=\"color: #1f9b9b;\">\u2192 NUESTRA RECOMENDACI\u00d3N<\/span><\/p><p style=\"text-align: center;\">Libros con texto e im\u00e1genes, publicidad, cat\u00e1logos, exposiciones&#8230;<\/p><\/div>\n\t\t\t\t\t\t\t\t\t<div class=\"elementor-tab-title elementor-tab-mobile-title\" aria-selected=\"false\" data-tab=\"3\" role=\"tab\" tabindex=\"-1\" aria-controls=\"elementor-tab-content-4213\" aria-expanded=\"false\">WIRE-O<\/div>\n\t\t\t\t\t<div id=\"elementor-tab-content-4213\" class=\"elementor-tab-content elementor-clearfix\" data-tab=\"3\" role=\"tabpanel\" aria-labelledby=\"elementor-tab-title-4213\" tabindex=\"0\" hidden=\"hidden\"><p style=\"text-align: center;\"><span style=\"color: #1f9b9b;\"><img loading=\"lazy\" decoding=\"async\" class=\"alignnone size-medium wp-image-2204\" src=\"https:\/\/www.pascualmercegallery.com\/wp-content\/uploads\/2021\/10\/libreta-anillada-300x225.jpg\" alt=\"libreta anillada\" width=\"300\" height=\"225\" srcset=\"https:\/\/www.pascualmercegallery.com\/wp-content\/uploads\/2021\/10\/libreta-anillada-300x225.jpg 300w, https:\/\/www.pascualmercegallery.com\/wp-content\/uploads\/2021\/10\/libreta-anillada.jpg 400w\" sizes=\"(max-width: 300px) 100vw, 300px\" \/><\/span><\/p><p style=\"text-align: center;\"><span style=\"color: #1f9b9b;\">\u2192 NUESTRA RECOMENDACI\u00d3N<\/span><\/p><p style=\"text-align: center;\">Tesis, trabajos fin de grado, presentaciones, dosieres&#8230;<\/p><\/div>\n\t\t\t\t\t\t\t\t\t<div class=\"elementor-tab-title elementor-tab-mobile-title\" aria-selected=\"false\" data-tab=\"4\" role=\"tab\" tabindex=\"-1\" aria-controls=\"elementor-tab-content-4214\" aria-expanded=\"false\">LIBRO GRAPADO<\/div>\n\t\t\t\t\t<div id=\"elementor-tab-content-4214\" class=\"elementor-tab-content elementor-clearfix\" data-tab=\"4\" role=\"tabpanel\" aria-labelledby=\"elementor-tab-title-4214\" tabindex=\"0\" hidden=\"hidden\"><p style=\"text-align: center;\"><img loading=\"lazy\" decoding=\"async\" class=\"alignnone wp-image-2251 size-medium\" src=\"https:\/\/www.pascualmercegallery.com\/wp-content\/uploads\/2021\/10\/libro-grapado-300x225.jpg\" alt=\"libro grapado\" width=\"300\" height=\"225\" srcset=\"https:\/\/www.pascualmercegallery.com\/wp-content\/uploads\/2021\/10\/libro-grapado-300x225.jpg 300w, https:\/\/www.pascualmercegallery.com\/wp-content\/uploads\/2021\/10\/libro-grapado.jpg 400w\" sizes=\"(max-width: 300px) 100vw, 300px\" \/><\/p><p style=\"text-align: center;\"><span style=\"color: #1f9b9b;\">\u2192 NUESTRA RECOMENDACI\u00d3N<\/span><\/p><p style=\"text-align: center;\">Revistas, cuadernos did\u00e1cticos, folletos&#8230;<\/p><\/div>\n\t\t\t\t\t\t\t<\/div>\n\t\t<\/div>\n\t\t\t\t\t\t<\/div>\n\t\t\t\t<\/div>\n\t\t\t\t<div class=\"elementor-element elementor-element-6b7d0ce elementor-widget elementor-widget-spacer\" data-id=\"6b7d0ce\" data-element_type=\"widget\" data-e-type=\"widget\" data-widget_type=\"spacer.default\">\n\t\t\t\t<div class=\"elementor-widget-container\">\n\t\t\t\t\t\t\t<div class=\"elementor-spacer\">\n\t\t\t<div class=\"elementor-spacer-inner\"><\/div>\n\t\t<\/div>\n\t\t\t\t\t\t<\/div>\n\t\t\t\t<\/div>\n\t\t\t\t\t<\/div>\n\t\t<\/div>\n\t\t\t\t\t<\/div>\n\t\t<\/section>\n\t\t\t\t<section class=\"elementor-section elementor-top-section elementor-element elementor-element-ef6727e elementor-section-boxed elementor-section-height-default elementor-section-height-default\" data-id=\"ef6727e\" data-element_type=\"section\" data-e-type=\"section\">\n\t\t\t\t\t\t<div class=\"elementor-container elementor-column-gap-default\">\n\t\t\t\t\t<div class=\"elementor-column elementor-col-100 elementor-top-column elementor-element elementor-element-496ee2f\" data-id=\"496ee2f\" data-element_type=\"column\" data-e-type=\"column\">\n\t\t\t<div class=\"elementor-widget-wrap elementor-element-populated\">\n\t\t\t\t\t\t<div class=\"elementor-element elementor-element-43c79dc elementor-shape-circle elementor-grid-0 e-grid-align-center elementor-widget elementor-widget-social-icons\" data-id=\"43c79dc\" data-element_type=\"widget\" data-e-type=\"widget\" data-widget_type=\"social-icons.default\">\n\t\t\t\t<div class=\"elementor-widget-container\">\n\t\t\t\t\t\t\t<div class=\"elementor-social-icons-wrapper elementor-grid\" role=\"list\">\n\t\t\t\t\t\t\t<span class=\"elementor-grid-item\" role=\"listitem\">\n\t\t\t\t\t<a class=\"elementor-icon elementor-social-icon elementor-social-icon-facebook elementor-repeater-item-1c420c2\" href=\"https:\/\/www.facebook.com\/mercegallery\" target=\"_blank\">\n\t\t\t\t\t\t<span class=\"elementor-screen-only\">Facebook<\/span>\n\t\t\t\t\t\t<i aria-hidden=\"true\" class=\"fab fa-facebook\"><\/i>\t\t\t\t\t<\/a>\n\t\t\t\t<\/span>\n\t\t\t\t\t\t\t<span class=\"elementor-grid-item\" role=\"listitem\">\n\t\t\t\t\t<a class=\"elementor-icon elementor-social-icon elementor-social-icon-instagram elementor-repeater-item-3315cad\" href=\"https:\/\/www.instagram.com\/mercegallery\/\" target=\"_blank\">\n\t\t\t\t\t\t<span class=\"elementor-screen-only\">Instagram<\/span>\n\t\t\t\t\t\t<i aria-hidden=\"true\" class=\"fab fa-instagram\"><\/i>\t\t\t\t\t<\/a>\n\t\t\t\t<\/span>\n\t\t\t\t\t\t\t<span class=\"elementor-grid-item\" role=\"listitem\">\n\t\t\t\t\t<a class=\"elementor-icon elementor-social-icon elementor-social-icon-whatsapp elementor-repeater-item-01ac3e5\" href=\"https:\/\/api.whatsapp.com\/send?phone=34640177347&#038;app=facebook&#038;entry_point=page_cta&#038;fbclid=IwAR2ur2inHUCLyW9ChEptrhSWPKw_GBLgVu1YcwlXzZbzVAOiWlu8GOn9wAI\" target=\"_blank\">\n\t\t\t\t\t\t<span class=\"elementor-screen-only\">Whatsapp<\/span>\n\t\t\t\t\t\t<i aria-hidden=\"true\" class=\"fab fa-whatsapp\"><\/i>\t\t\t\t\t<\/a>\n\t\t\t\t<\/span>\n\t\t\t\t\t<\/div>\n\t\t\t\t\t\t<\/div>\n\t\t\t\t<\/div>\n\t\t\t\t\t<\/div>\n\t\t<\/div>\n\t\t\t\t\t<\/div>\n\t\t<\/section>\n\t\t\t\t<\/div>\n\t\t","protected":false},"excerpt":{"rendered":"<p>Profesionales y aficionados con o sin conocimientos de dise\u00f1o: literatura, historia del arte, albums de viajes, libros de cocina, historia en general, gu\u00edas, trabajos de fin de curso, proyectos, revistas, calendarios TAPA DURA COSIDO ARTESANAL TAPA BLANDA ENCOLADA WIRE-O LIBRO<\/p>\n","protected":false},"author":1,"featured_media":0,"parent":0,"menu_order":0,"comment_status":"closed","ping_status":"closed","template":"","meta":{"_eb_attr":"","footnotes":""},"class_list":["post-1348","page","type-page","status-publish","hentry","","tg-column-two"],"yoast_head":"<!-- This site is optimized with the Yoast SEO plugin v27.1.1 - https:\/\/yoast.com\/product\/yoast-seo-wordpress\/ -->\n<title>LIBROS SEG\u00daN ENCUADERNACI\u00d3N - Pascual Merc&egrave; Gallery<\/title>\n<meta name=\"robots\" content=\"index, follow, max-snippet:-1, max-image-preview:large, max-video-preview:-1\" \/>\n<link rel=\"canonical\" href=\"https:\/\/www.pascualmercegallery.com\/index.php\/libros-segun-encuadernacion\/\" \/>\n<meta property=\"og:locale\" content=\"es_ES\" \/>\n<meta property=\"og:type\" content=\"article\" \/>\n<meta property=\"og:title\" content=\"LIBROS SEG\u00daN ENCUADERNACI\u00d3N - Pascual Merc&egrave; Gallery\" \/>\n<meta property=\"og:description\" content=\"Profesionales y aficionados con o sin conocimientos de dise\u00f1o: literatura, historia del arte, albums de viajes, libros de cocina, historia en general, gu\u00edas, trabajos de fin de curso, proyectos, revistas, calendarios TAPA DURA COSIDO ARTESANAL TAPA BLANDA ENCOLADA WIRE-O LIBRO\" \/>\n<meta property=\"og:url\" content=\"https:\/\/www.pascualmercegallery.com\/index.php\/libros-segun-encuadernacion\/\" \/>\n<meta property=\"og:site_name\" content=\"Pascual Merc&egrave; Gallery\" \/>\n<meta property=\"article:publisher\" content=\"https:\/\/www.facebook.com\/mercegallery\" \/>\n<meta property=\"article:modified_time\" content=\"2021-10-06T09:45:15+00:00\" \/>\n<meta property=\"og:image\" content=\"https:\/\/www.pascualmercegallery.com\/wp-content\/uploads\/2021\/09\/impresion-offset2.jpg\" \/>\n<meta name=\"twitter:card\" content=\"summary_large_image\" \/>\n<meta name=\"twitter:label1\" content=\"Tiempo de lectura\" \/>\n\t<meta name=\"twitter:data1\" content=\"2 minutos\" \/>\n<script type=\"application\/ld+json\" class=\"yoast-schema-graph\">{\"@context\":\"https:\/\/schema.org\",\"@graph\":[{\"@type\":\"WebPage\",\"@id\":\"https:\/\/www.pascualmercegallery.com\/index.php\/libros-segun-encuadernacion\/\",\"url\":\"https:\/\/www.pascualmercegallery.com\/index.php\/libros-segun-encuadernacion\/\",\"name\":\"LIBROS SEG\u00daN ENCUADERNACI\u00d3N - Pascual Merc&egrave; Gallery\",\"isPartOf\":{\"@id\":\"https:\/\/www.pascualmercegallery.com\/#website\"},\"primaryImageOfPage\":{\"@id\":\"https:\/\/www.pascualmercegallery.com\/index.php\/libros-segun-encuadernacion\/#primaryimage\"},\"image\":{\"@id\":\"https:\/\/www.pascualmercegallery.com\/index.php\/libros-segun-encuadernacion\/#primaryimage\"},\"thumbnailUrl\":\"https:\/\/www.pascualmercegallery.com\/wp-content\/uploads\/2021\/09\/impresion-offset2.jpg\",\"datePublished\":\"2021-08-10T13:04:07+00:00\",\"dateModified\":\"2021-10-06T09:45:15+00:00\",\"breadcrumb\":{\"@id\":\"https:\/\/www.pascualmercegallery.com\/index.php\/libros-segun-encuadernacion\/#breadcrumb\"},\"inLanguage\":\"es\",\"potentialAction\":[{\"@type\":\"ReadAction\",\"target\":[\"https:\/\/www.pascualmercegallery.com\/index.php\/libros-segun-encuadernacion\/\"]}]},{\"@type\":\"ImageObject\",\"inLanguage\":\"es\",\"@id\":\"https:\/\/www.pascualmercegallery.com\/index.php\/libros-segun-encuadernacion\/#primaryimage\",\"url\":\"https:\/\/www.pascualmercegallery.com\/wp-content\/uploads\/2021\/09\/impresion-offset2.jpg\",\"contentUrl\":\"https:\/\/www.pascualmercegallery.com\/wp-content\/uploads\/2021\/09\/impresion-offset2.jpg\",\"width\":1600,\"height\":200,\"caption\":\"titulo impresi\u00f3n offset\"},{\"@type\":\"BreadcrumbList\",\"@id\":\"https:\/\/www.pascualmercegallery.com\/index.php\/libros-segun-encuadernacion\/#breadcrumb\",\"itemListElement\":[{\"@type\":\"ListItem\",\"position\":1,\"name\":\"Portada\",\"item\":\"https:\/\/www.pascualmercegallery.com\/\"},{\"@type\":\"ListItem\",\"position\":2,\"name\":\"LIBROS SEG\u00daN ENCUADERNACI\u00d3N\"}]},{\"@type\":\"WebSite\",\"@id\":\"https:\/\/www.pascualmercegallery.com\/#website\",\"url\":\"https:\/\/www.pascualmercegallery.com\/\",\"name\":\"Merc\u00e8 Gallery\",\"description\":\"Servicios de impresi&oacute;n\",\"publisher\":{\"@id\":\"https:\/\/www.pascualmercegallery.com\/#organization\"},\"potentialAction\":[{\"@type\":\"SearchAction\",\"target\":{\"@type\":\"EntryPoint\",\"urlTemplate\":\"https:\/\/www.pascualmercegallery.com\/?s={search_term_string}\"},\"query-input\":{\"@type\":\"PropertyValueSpecification\",\"valueRequired\":true,\"valueName\":\"search_term_string\"}}],\"inLanguage\":\"es\"},{\"@type\":\"Organization\",\"@id\":\"https:\/\/www.pascualmercegallery.com\/#organization\",\"name\":\"Merc\u00e8 Gallery\",\"url\":\"https:\/\/www.pascualmercegallery.com\/\",\"logo\":{\"@type\":\"ImageObject\",\"inLanguage\":\"es\",\"@id\":\"https:\/\/www.pascualmercegallery.com\/#\/schema\/logo\/image\/\",\"url\":\"https:\/\/www.pascualmercegallery.com\/wp-content\/uploads\/2022\/11\/Logo-merce-gallery-1.png\",\"contentUrl\":\"https:\/\/www.pascualmercegallery.com\/wp-content\/uploads\/2022\/11\/Logo-merce-gallery-1.png\",\"width\":909,\"height\":643,\"caption\":\"Merc\u00e8 Gallery\"},\"image\":{\"@id\":\"https:\/\/www.pascualmercegallery.com\/#\/schema\/logo\/image\/\"},\"sameAs\":[\"https:\/\/www.facebook.com\/mercegallery\",\"https:\/\/www.instagram.com\/mercegallery\/\"]}]}<\/script>\n<!-- \/ Yoast SEO plugin. -->","yoast_head_json":{"title":"LIBROS SEG\u00daN ENCUADERNACI\u00d3N - Pascual Merc&egrave; Gallery","robots":{"index":"index","follow":"follow","max-snippet":"max-snippet:-1","max-image-preview":"max-image-preview:large","max-video-preview":"max-video-preview:-1"},"canonical":"https:\/\/www.pascualmercegallery.com\/index.php\/libros-segun-encuadernacion\/","og_locale":"es_ES","og_type":"article","og_title":"LIBROS SEG\u00daN ENCUADERNACI\u00d3N - Pascual Merc&egrave; Gallery","og_description":"Profesionales y aficionados con o sin conocimientos de dise\u00f1o: literatura, historia del arte, albums de viajes, libros de cocina, historia en general, gu\u00edas, trabajos de fin de curso, proyectos, revistas, calendarios TAPA DURA COSIDO ARTESANAL TAPA BLANDA ENCOLADA WIRE-O LIBRO","og_url":"https:\/\/www.pascualmercegallery.com\/index.php\/libros-segun-encuadernacion\/","og_site_name":"Pascual Merc&egrave; Gallery","article_publisher":"https:\/\/www.facebook.com\/mercegallery","article_modified_time":"2021-10-06T09:45:15+00:00","og_image":[{"url":"https:\/\/www.pascualmercegallery.com\/wp-content\/uploads\/2021\/09\/impresion-offset2.jpg","type":"","width":"","height":""}],"twitter_card":"summary_large_image","twitter_misc":{"Tiempo de lectura":"2 minutos"},"schema":{"@context":"https:\/\/schema.org","@graph":[{"@type":"WebPage","@id":"https:\/\/www.pascualmercegallery.com\/index.php\/libros-segun-encuadernacion\/","url":"https:\/\/www.pascualmercegallery.com\/index.php\/libros-segun-encuadernacion\/","name":"LIBROS SEG\u00daN ENCUADERNACI\u00d3N - Pascual Merc&egrave; Gallery","isPartOf":{"@id":"https:\/\/www.pascualmercegallery.com\/#website"},"primaryImageOfPage":{"@id":"https:\/\/www.pascualmercegallery.com\/index.php\/libros-segun-encuadernacion\/#primaryimage"},"image":{"@id":"https:\/\/www.pascualmercegallery.com\/index.php\/libros-segun-encuadernacion\/#primaryimage"},"thumbnailUrl":"https:\/\/www.pascualmercegallery.com\/wp-content\/uploads\/2021\/09\/impresion-offset2.jpg","datePublished":"2021-08-10T13:04:07+00:00","dateModified":"2021-10-06T09:45:15+00:00","breadcrumb":{"@id":"https:\/\/www.pascualmercegallery.com\/index.php\/libros-segun-encuadernacion\/#breadcrumb"},"inLanguage":"es","potentialAction":[{"@type":"ReadAction","target":["https:\/\/www.pascualmercegallery.com\/index.php\/libros-segun-encuadernacion\/"]}]},{"@type":"ImageObject","inLanguage":"es","@id":"https:\/\/www.pascualmercegallery.com\/index.php\/libros-segun-encuadernacion\/#primaryimage","url":"https:\/\/www.pascualmercegallery.com\/wp-content\/uploads\/2021\/09\/impresion-offset2.jpg","contentUrl":"https:\/\/www.pascualmercegallery.com\/wp-content\/uploads\/2021\/09\/impresion-offset2.jpg","width":1600,"height":200,"caption":"titulo impresi\u00f3n offset"},{"@type":"BreadcrumbList","@id":"https:\/\/www.pascualmercegallery.com\/index.php\/libros-segun-encuadernacion\/#breadcrumb","itemListElement":[{"@type":"ListItem","position":1,"name":"Portada","item":"https:\/\/www.pascualmercegallery.com\/"},{"@type":"ListItem","position":2,"name":"LIBROS SEG\u00daN ENCUADERNACI\u00d3N"}]},{"@type":"WebSite","@id":"https:\/\/www.pascualmercegallery.com\/#website","url":"https:\/\/www.pascualmercegallery.com\/","name":"Merc\u00e8 Gallery","description":"Servicios de impresi&oacute;n","publisher":{"@id":"https:\/\/www.pascualmercegallery.com\/#organization"},"potentialAction":[{"@type":"SearchAction","target":{"@type":"EntryPoint","urlTemplate":"https:\/\/www.pascualmercegallery.com\/?s={search_term_string}"},"query-input":{"@type":"PropertyValueSpecification","valueRequired":true,"valueName":"search_term_string"}}],"inLanguage":"es"},{"@type":"Organization","@id":"https:\/\/www.pascualmercegallery.com\/#organization","name":"Merc\u00e8 Gallery","url":"https:\/\/www.pascualmercegallery.com\/","logo":{"@type":"ImageObject","inLanguage":"es","@id":"https:\/\/www.pascualmercegallery.com\/#\/schema\/logo\/image\/","url":"https:\/\/www.pascualmercegallery.com\/wp-content\/uploads\/2022\/11\/Logo-merce-gallery-1.png","contentUrl":"https:\/\/www.pascualmercegallery.com\/wp-content\/uploads\/2022\/11\/Logo-merce-gallery-1.png","width":909,"height":643,"caption":"Merc\u00e8 Gallery"},"image":{"@id":"https:\/\/www.pascualmercegallery.com\/#\/schema\/logo\/image\/"},"sameAs":["https:\/\/www.facebook.com\/mercegallery","https:\/\/www.instagram.com\/mercegallery\/"]}]}},"_links":{"self":[{"href":"https:\/\/www.pascualmercegallery.com\/index.php\/wp-json\/wp\/v2\/pages\/1348","targetHints":{"allow":["GET"]}}],"collection":[{"href":"https:\/\/www.pascualmercegallery.com\/index.php\/wp-json\/wp\/v2\/pages"}],"about":[{"href":"https:\/\/www.pascualmercegallery.com\/index.php\/wp-json\/wp\/v2\/types\/page"}],"author":[{"embeddable":true,"href":"https:\/\/www.pascualmercegallery.com\/index.php\/wp-json\/wp\/v2\/users\/1"}],"replies":[{"embeddable":true,"href":"https:\/\/www.pascualmercegallery.com\/index.php\/wp-json\/wp\/v2\/comments?post=1348"}],"version-history":[{"count":51,"href":"https:\/\/www.pascualmercegallery.com\/index.php\/wp-json\/wp\/v2\/pages\/1348\/revisions"}],"predecessor-version":[{"id":2254,"href":"https:\/\/www.pascualmercegallery.com\/index.php\/wp-json\/wp\/v2\/pages\/1348\/revisions\/2254"}],"wp:attachment":[{"href":"https:\/\/www.pascualmercegallery.com\/index.php\/wp-json\/wp\/v2\/media?parent=1348"}],"curies":[{"name":"wp","href":"https:\/\/api.w.org\/{rel}","templated":true}]}}